{"id":4322,"date":"2022-04-06T09:31:40","date_gmt":"2022-04-06T07:31:40","guid":{"rendered":"https:\/\/foyen.dev.kodeks.no\/?page_id=4322"},"modified":"2022-04-06T09:39:59","modified_gmt":"2022-04-06T07:39:59","slug":"history","status":"publish","type":"page","link":"https:\/\/foyen.no\/en\/about-us\/history\/","title":{"rendered":"History"},"content":{"rendered":"\n<section class=\"image grid side-padding cg-0  white no-caption\">\n\n    \n                <div class=\"img-wrapper\">\n            <img loading=\"lazy\" decoding=\"async\" width=\"2048\" height=\"1367\" src=\"https:\/\/foyen.no\/wp-content\/uploads\/NIC_1988-scaled.jpg\" class=\"attachment-full size-full\" alt=\"\" srcset=\"https:\/\/foyen.no\/wp-content\/uploads\/NIC_1988-scaled.jpg 2048w, https:\/\/foyen.no\/wp-content\/uploads\/NIC_1988-720x481.jpg 720w, https:\/\/foyen.no\/wp-content\/uploads\/NIC_1988-1280x854.jpg 1280w, https:\/\/foyen.no\/wp-content\/uploads\/NIC_1988-768x513.jpg 768w, https:\/\/foyen.no\/wp-content\/uploads\/NIC_1988-1536x1025.jpg 1536w\" sizes=\"auto, (max-width: 2048px) 100vw, 2048px\" \/>        <\/div>\n                \n        \n<\/section>\n\n\n<section class=\"text  white\">\n    <div class=\"grid side-padding \">\n\n        \n        <div class=\"text\"><p id=\"ucj-3\" class=\"oBOnKe\"><span class=\"JLqJ4b ChMk0b\" style=\"font-size: 16px;\" data-language-for-alternatives=\"en\" data-language-to-translate-into=\"no\" data-phrase-index=\"0\" data-number-of-phrases=\"10\"><span class=\"Q4iAWc\">Advokatfirmaet F\u00f8yen AS is the result of a merge between F\u00f8yen Advokatfirma DA and Advokatfirmaet Torkildsen &amp; Co AS in 2015, two companies with long traditions.<\/span><\/span> <span class=\"JLqJ4b ChMk0b\" style=\"font-size: 16px;\" data-language-for-alternatives=\"en\" data-language-to-translate-into=\"no\" data-phrase-index=\"1\" data-number-of-phrases=\"10\"><span class=\"Q4iAWc\">The company is located in Bj\u00f8rvika and consists of approx.<\/span><\/span> <span class=\"JLqJ4b ChMk0b\" style=\"font-size: 16px;\" data-language-for-alternatives=\"en\" data-language-to-translate-into=\"no\" data-phrase-index=\"2\" data-number-of-phrases=\"10\"><span class=\"Q4iAWc\">80 employees.<\/span><\/span><\/p>\n<p class=\"oBOnKe\"><span class=\"JLqJ4b ChMk0b\" style=\"font-size: 16px;\" data-language-for-alternatives=\"en\" data-language-to-translate-into=\"no\" data-phrase-index=\"4\" data-number-of-phrases=\"10\"><span class=\"Q4iAWc\">F\u00f8yen Advokatfirma DA was founded in 1969 by lawyer Stein A. F\u00f8yen, and in 1979 the lawyers Tom A. Torkildsen and Jan Tenn\u00f8e founded Advokatfirmaet Torkildsen, Tenn\u00f8e &amp; Co AS.<\/span><\/span> <span class=\"JLqJ4b ChMk0b\" style=\"font-size: 16px;\" data-language-for-alternatives=\"en\" data-language-to-translate-into=\"no\" data-phrase-index=\"5\" data-number-of-phrases=\"10\"><span class=\"Q4iAWc\">The merge in 2015 entailed a clear strengthening of the environment within construction and real estate.<\/span><\/span> <span class=\"JLqJ4b ChMk0b\" style=\"font-size: 16px;\" data-language-for-alternatives=\"en\" data-language-to-translate-into=\"no\" data-phrase-index=\"6\" data-number-of-phrases=\"10\"><span class=\"Q4iAWc\">Since then, the company has also strengthened its investment within the fields of ICT Media, employment and corporate law.<\/span><\/span><\/p>\n<p class=\"oBOnKe\"><span class=\"JLqJ4b ChMk0b\" style=\"font-size: 16px;\" data-language-for-alternatives=\"en\" data-language-to-translate-into=\"no\" data-phrase-index=\"8\" data-number-of-phrases=\"10\"><span class=\"Q4iAWc\">Our affiliated company, Foyen Advokatfirma in Sweden was established in 1987 and today has approx.<\/span><\/span> <span class=\"JLqJ4b ChMk0b\" style=\"font-size: 16px;\" data-language-for-alternatives=\"en\" data-language-to-translate-into=\"no\" data-phrase-index=\"9\" data-number-of-phrases=\"10\"><span class=\"Q4iAWc\">100 employees in offices in Stockholm, Gothenburg and Malm\u00f6.<\/span><\/span><\/p>\n<\/div>    <\/div>\n<\/section>","protected":false},"excerpt":{"rendered":"","protected":false},"author":10,"featured_media":0,"parent":4081,"menu_order":0,"comment_status":"closed","ping_status":"closed","template":"","meta":{"_acf_changed":false,"footnotes":""},"class_list":["post-4322","page","type-page","status-publish","hentry"],"acf":[],"yoast_head":"<!-- This site is optimized with the Yoast SEO plugin v27.4 - https:\/\/yoast.com\/product\/yoast-seo-wordpress\/ -->\n<title>History - F\u00f8yen<\/title>\n<meta name=\"robots\" content=\"index, follow, max-snippet:-1, max-image-preview:large, max-video-preview:-1\" \/>\n<link rel=\"canonical\" href=\"https:\/\/foyen.no\/en\/about-us\/history\/\" \/>\n<meta property=\"og:locale\" content=\"en_US\" \/>\n<meta property=\"og:type\" content=\"article\" \/>\n<meta property=\"og:title\" content=\"History - F\u00f8yen\" \/>\n<meta property=\"og:url\" content=\"https:\/\/foyen.no\/en\/about-us\/history\/\" \/>\n<meta property=\"og:site_name\" content=\"F\u00f8yen\" \/>\n<meta property=\"article:modified_time\" content=\"2022-04-06T07:39:59+00:00\" \/>\n<meta name=\"twitter:card\" content=\"summary_large_image\" \/>\n<!-- \/ Yoast SEO plugin. -->","yoast_head_json":{"title":"History - F\u00f8yen","robots":{"index":"index","follow":"follow","max-snippet":"max-snippet:-1","max-image-preview":"max-image-preview:large","max-video-preview":"max-video-preview:-1"},"canonical":"https:\/\/foyen.no\/en\/about-us\/history\/","og_locale":"en_US","og_type":"article","og_title":"History - F\u00f8yen","og_url":"https:\/\/foyen.no\/en\/about-us\/history\/","og_site_name":"F\u00f8yen","article_modified_time":"2022-04-06T07:39:59+00:00","twitter_card":"summary_large_image","schema":{"@context":"https:\/\/schema.org","@graph":[{"@type":"WebPage","@id":"https:\/\/foyen.no\/en\/about-us\/history\/","url":"https:\/\/foyen.no\/en\/about-us\/history\/","name":"History - F\u00f8yen","isPartOf":{"@id":"https:\/\/foyen.no\/en\/#website"},"datePublished":"2022-04-06T07:31:40+00:00","dateModified":"2022-04-06T07:39:59+00:00","breadcrumb":{"@id":"https:\/\/foyen.no\/en\/about-us\/history\/#breadcrumb"},"inLanguage":"en-US","potentialAction":[{"@type":"ReadAction","target":["https:\/\/foyen.no\/en\/about-us\/history\/"]}]},{"@type":"BreadcrumbList","@id":"https:\/\/foyen.no\/en\/about-us\/history\/#breadcrumb","itemListElement":[{"@type":"ListItem","position":1,"name":"Hjem","item":"https:\/\/foyen.no\/en\/"},{"@type":"ListItem","position":2,"name":"History"}]},{"@type":"WebSite","@id":"https:\/\/foyen.no\/en\/#website","url":"https:\/\/foyen.no\/en\/","name":"F\u00f8yen","description":"","publisher":{"@id":"https:\/\/foyen.no\/en\/#organization"},"potentialAction":[{"@type":"SearchAction","target":{"@type":"EntryPoint","urlTemplate":"https:\/\/foyen.no\/en\/?s={search_term_string}"},"query-input":{"@type":"PropertyValueSpecification","valueRequired":true,"valueName":"search_term_string"}}],"inLanguage":"en-US"},{"@type":"Organization","@id":"https:\/\/foyen.no\/en\/#organization","name":"F\u00f8yen","url":"https:\/\/foyen.no\/en\/","logo":{"@type":"ImageObject","inLanguage":"en-US","@id":"https:\/\/foyen.no\/en\/#\/schema\/logo\/image\/","url":"https:\/\/foyen.no\/wp-content\/uploads\/Foyen_svart.svg","contentUrl":"https:\/\/foyen.no\/wp-content\/uploads\/Foyen_svart.svg","width":1,"height":1,"caption":"F\u00f8yen"},"image":{"@id":"https:\/\/foyen.no\/en\/#\/schema\/logo\/image\/"}}]}},"_links":{"self":[{"href":"https:\/\/foyen.no\/en\/wp-json\/wp\/v2\/pages\/4322","targetHints":{"allow":["GET"]}}],"collection":[{"href":"https:\/\/foyen.no\/en\/wp-json\/wp\/v2\/pages"}],"about":[{"href":"https:\/\/foyen.no\/en\/wp-json\/wp\/v2\/types\/page"}],"author":[{"embeddable":true,"href":"https:\/\/foyen.no\/en\/wp-json\/wp\/v2\/users\/10"}],"replies":[{"embeddable":true,"href":"https:\/\/foyen.no\/en\/wp-json\/wp\/v2\/comments?post=4322"}],"version-history":[{"count":11,"href":"https:\/\/foyen.no\/en\/wp-json\/wp\/v2\/pages\/4322\/revisions"}],"predecessor-version":[{"id":4339,"href":"https:\/\/foyen.no\/en\/wp-json\/wp\/v2\/pages\/4322\/revisions\/4339"}],"up":[{"embeddable":true,"href":"https:\/\/foyen.no\/en\/wp-json\/wp\/v2\/pages\/4081"}],"wp:attachment":[{"href":"https:\/\/foyen.no\/en\/wp-json\/wp\/v2\/media?parent=4322"}],"curies":[{"name":"wp","href":"https:\/\/api.w.org\/{rel}","templated":true}]}}